{"id":6520,"date":"2025-06-04T07:35:48","date_gmt":"2025-06-04T07:35:48","guid":{"rendered":"https:\/\/prosu.nl\/?page_id=6520"},"modified":"2025-12-16T12:28:31","modified_gmt":"2025-12-16T12:28:31","slug":"kit-media-agri","status":"publish","type":"page","link":"https:\/\/prosu.nl\/fr\/kit-media-agri\/","title":{"rendered":"Kit M\u00e9dia"},"content":{"rendered":"\n<p><\/p>\n\n\n\n<div class=\"wp-block-cover alignfull is-light is-style-masked\" style=\"margin-top:0px;margin-bottom:0px;padding-top:62px;padding-bottom:100px;min-height:250px;aspect-ratio:unset;\"><video class=\"wp-block-cover__video-background intrinsic-ignore\" autoplay muted loop playsinline src=\"https:\/\/prosu.nl\/content\/uploads\/2024\/06\/Prosu-Homepage-1080p.webm\" data-object-fit=\"cover\"><\/video><span aria-hidden=\"true\" class=\"wp-block-cover__background has-background-dim-100 has-background-dim wp-block-cover__gradient-background has-background-gradient\" style=\"background-color:#FFF;background:linear-gradient(120deg,rgba(0,49,84,0.95) 0%,rgba(2,84,3,0.4) 98%)\"><\/span><div class=\"wp-block-cover__inner-container is-layout-constrained wp-container-core-cover-is-layout-712f6f70 wp-block-cover-is-layout-constrained\">\n<h1 class=\"wp-block-heading has-text-align-center has-first-color has-text-color has-link-color has-h-1-font-size wp-elements-b259302f6ee6a46b7e5826d42d406be3\"><strong>Demander le kit m\u00e9dia<\/strong><\/h1>\n<\/div><\/div>\n\n\n\n<div class=\"wp-block-group alignfull is-layout-constrained wp-container-core-group-is-layout-e54ce255 wp-block-group-is-layout-constrained\" style=\"margin-top:0px;margin-bottom:0px;padding-top:80px;padding-bottom:80px\">\n<h2 class=\"wp-block-heading\" style=\"margin-top:0;margin-bottom:0\"><strong><strong>Demande de kit m\u00e9dia agricole<\/strong><\/strong><\/h2>\n\n\n\n<p>Chaque ann\u00e9e, nous produisons un aper\u00e7u de nos chiffres cl\u00e9 pour nos canaux multim\u00e9dias, ce sont&nbsp;nos kits m\u00e9dia. Nos&nbsp;kits m\u00e9dia vous donnent un aper\u00e7u des chiffres li\u00e9s \u00e0 nos publications imprim\u00e9es, nos newsletters, nos sites web et nos m\u00e9dias sociaux. Il d\u00e9crit \u00e9galement les th\u00e8mes et les dates de parution des titres, ainsi que les tarifs publicitaires pour les diff\u00e9rents placements en ligne et hors ligne. Le(s) kit(s) m\u00e9dia agricole(s) peu(ven)t \u00eatre demand\u00e9(s) sur cette page, en compl\u00e9tant simplement le formulaire ci-dessous.&nbsp;<a href=\"https:\/\/prosu.nl\/agri\/adverteren\/mediakit-agri\/\">Cliquez ici<\/a> pour les dossiers de presse de nos titres en n\u00e9erlandais.<\/p>\n\n\n\n<div style=\"height:51px\" aria-hidden=\"true\" class=\"wp-block-spacer\"><\/div>\n\n\n\n<h2 class=\"wp-block-heading\"><strong>Demandez nos kits m\u00e9dia 2026<\/strong><\/h2>\n\n\n\n<p>Apr\u00e8s avoir rempli le formulaire, vous recevrez un e-mail vous permettant de t\u00e9l\u00e9charger le(s) kit(s) m\u00e9dia.<\/p>\n\n\n\n<form data-uniq-id=\"69d8650e213d1\" id=\"form3904\" enctype=\"application\/x-www-form-urlencoded\" class=\"mpForm\" method=\"post\" action=\"https:\/\/prosu.nl\/fr\/wp-json\/wp\/v2\/pages\/6520\/\/?accountid=0&formid=3904\">\n   <div role=\"alert\" class=\"mpErrorSummary\" style=\"display:none\"><\/div>\n   <ul class=\"mpFormTable mpTwoColumnLayout\">\n      <li id=\"CNT5525\" class=\"mpQuestionTable  \" aria-labelledby=\"lbl-field5525\">\n         <div class=\"mpFormLabel\"><label class=\"descriptionLabel\" for=\"field5525\" id=\"lbl-field5525\">Quelle carte m\u00e9dia souhaitez-vous recevoir ?<\/label><span class=\"mandatorySign\">&nbsp;*<\/span><\/div>\n         <div class=\"mpFormField\" role=\"group\">\n            <ul id=\"field5525\" data-errid=\"field5525-error\">\n               <li><input type=\"checkbox\" value=\"32\" id=\"field5525-4014\" name=\"field5525\" aria-labelledBy=\"lbl-field5525 lbl-field5525-4014\" class=\"mpMultipleInput\"><label class=\"mpMultipleLabel\" for=\"field5525-4014\" id=\"lbl-field5525-4014\">Terre Fermi\u00e8re<\/label><\/li>\n            <\/ul>\n         <\/div>\n      <\/li>\n      <li id=\"CNT5526\" class=\"mpQuestionTable  \" aria-labelledby=\"lbl-field5526\">\n         <div class=\"mpFormLabel\"><label class=\"descriptionLabel\" for=\"field5526\" id=\"lbl-field5526\">Pr\u00e9nom<\/label><span class=\"mandatorySign\">&nbsp;*<\/span><\/div>\n         <div class=\"mpFormField\"><input type=\"text\" id=\"field5526\" name=\"field5526\" data-errid=\"field5526-error\" autocomplete=\"given-name\"><\/div>\n      <\/li>\n      <li id=\"CNT5527\" class=\"mpQuestionTable  \" aria-labelledby=\"lbl-field5527\">\n         <div class=\"mpFormLabel\"><label class=\"descriptionLabel\" for=\"field5527\" id=\"lbl-field5527\">Insert<\/label><\/div>\n         <div class=\"mpFormField\"><input type=\"text\" id=\"field5527\" name=\"field5527\" data-errid=\"field5527-error\"><\/div>\n      <\/li>\n      <li id=\"CNT5528\" class=\"mpQuestionTable  \" aria-labelledby=\"lbl-field5528\">\n         <div class=\"mpFormLabel\"><label class=\"descriptionLabel\" for=\"field5528\" id=\"lbl-field5528\">Nom<\/label><span class=\"mandatorySign\">&nbsp;*<\/span><\/div>\n         <div class=\"mpFormField\"><input type=\"text\" id=\"field5528\" name=\"field5528\" data-errid=\"field5528-error\" autocomplete=\"family-name\"><\/div>\n      <\/li>\n      <li id=\"CNT5523\" class=\"mpQuestionTable  \" aria-labelledby=\"lbl-field5523\">\n         <div class=\"mpFormLabel\"><label class=\"descriptionLabel\" for=\"field5523\" id=\"lbl-field5523\">0 + 7 =<\/label><span class=\"mandatorySign\">&nbsp;*<\/span><\/div>\n         <div class=\"mpFormField\"><input type=\"text\" id=\"field5523\" name=\"field5523\" data-errid=\"field5523-error\"><\/div>\n      <\/li>\n      <li id=\"CNT5529\" class=\"mpQuestionTable  \" aria-labelledby=\"lbl-field5529\">\n         <div class=\"mpFormLabel\"><label class=\"descriptionLabel\" for=\"field5529\" id=\"lbl-field5529\">Adresse e-mail<\/label><span class=\"mandatorySign\">&nbsp;*<\/span><\/div>\n         <div class=\"mpFormField\"><input type=\"text\" id=\"field5529\" name=\"field5529\" data-errid=\"field5529-error\" autocomplete=\"email\"><\/div>\n      <\/li>\n      <li id=\"CNT5530\" class=\"mpQuestionTable  \" aria-labelledby=\"lbl-field5530\">\n         <div class=\"mpFormLabel\"><label class=\"descriptionLabel\" for=\"field5530\" id=\"lbl-field5530\">Nom de l'entreprise<\/label><span class=\"mandatorySign\">&nbsp;*<\/span><\/div>\n         <div class=\"mpFormField\"><input type=\"text\" id=\"field5530\" name=\"field5530\" data-errid=\"field5530-error\"><\/div>\n      <\/li>\n      <li id=\"CNT5531\" class=\"mpQuestionTable  \" aria-labelledby=\"lbl-field5531\">\n         <div class=\"mpFormLabel\"><label class=\"descriptionLabel\" for=\"field5531\" id=\"lbl-field5531\">Num\u00e9ro de t\u00e9l\u00e9phone<\/label><span class=\"mandatorySign\">&nbsp;*<\/span><\/div>\n         <div class=\"mpFormField\"><input type=\"text\" id=\"field5531\" name=\"field5531\" data-errid=\"field5531-error\"><\/div>\n      <\/li>\n      <li id=\"CNT5524\" class=\"mpQuestionTable  \" aria-labelledby=\"lbl-field5524\" style=\"display:none;\">\n         <div class=\"mpFormLabel\"><label class=\"descriptionLabel\" for=\"field5524\" id=\"lbl-field5524\">Email<\/label><\/div>\n         <div class=\"mpFormField\"><input type=\"text\" id=\"field5524\" name=\"field5524\" data-errid=\"field5524-error\"><\/div>\n      <\/li>\n      <li id=\"CNT5532\" class=\"mpQuestionTable  \" aria-labelledby=\"lbl-field5532\">\n         <div class=\"mpFormLabel\"><label class=\"descriptionLabel\" for=\"field5532\" id=\"lbl-field5532\">Fonction<\/label><\/div>\n         <div class=\"mpFormField\"><input type=\"text\" id=\"field5532\" name=\"field5532\" data-errid=\"field5532-error\"><\/div>\n      <\/li>\n      <li id=\"CNT5533\" class=\"mpQuestionTable  \" aria-labelledby=\"lbl-field5533\">\n         <div class=\"mpFormLabel\"><label class=\"descriptionLabel\" for=\"field5533\" id=\"lbl-field5533\">Que recherchez-vous actuellement ?<\/label><\/div>\n         <div class=\"mpFormField\" role=\"group\">\n            <ul id=\"field5533\" data-errid=\"field5533-error\">\n               <li><input type=\"checkbox\" value=\"Je m\u00e8ne une campagne\" id=\"field5533-4085\" name=\"field5533\" aria-labelledBy=\"lbl-field5533 lbl-field5533-4085\" class=\"mpMultipleInput\"><label class=\"mpMultipleLabel\" for=\"field5533-4085\" id=\"lbl-field5533-4085\">Je m\u00e8ne une campagne<\/label><\/li>\n               <li><input type=\"checkbox\" value=\"Je souhaite m'orienter avec le kit m\u00e9dia\" id=\"field5533-4084\" name=\"field5533\" aria-labelledBy=\"lbl-field5533 lbl-field5533-4084\" class=\"mpMultipleInput\"><label class=\"mpMultipleLabel\" for=\"field5533-4084\" id=\"lbl-field5533-4084\">Je souhaite m'orienter avec le kit m\u00e9dia<\/label><\/li>\n            <\/ul>\n         <\/div>\n      <\/li>\n      <li id=\"CNT5534\" class=\"mpQuestionTable  \" aria-labelledby=\"lbl-field5534\">\n         <div class=\"mpFormLabel\"><label class=\"descriptionLabel\" for=\"field5534\" id=\"lbl-field5534\">J'accepte la politique de confidentialit\u00e9 <\/label><span class=\"mandatorySign\">&nbsp;*<\/span><\/div>\n         <div class=\"mpFormField\" role=\"group\">\n            <ul id=\"field5534\" data-errid=\"field5534-error\">\n               <li><input class=\"mpMultipleInput\" type=\"checkbox\" value=\"Oui\" id=\"field5534-3796\" name=\"field5534\" aria-labelledBy=\"lbl-field5534 lbl-field5534-3796\"><label class=\"mpMultipleLabel\" for=\"field5534-3796\" id=\"lbl-field5534-3796\">Oui<\/label><\/li>\n            <\/ul>\n         <\/div>\n      <\/li>\n      <li id=\"CNT5535\" class=\"mpQuestionTable  \">\n         <div class=\"mpLabelRow\">\n            <div class=\"submitCellSpacer\"><span><\/span><\/div>\n            <div class=\"submitCell\"><input value=\"Envoyer\" class=\"submitButton\" name=\"next\" type=\"submit\" id=\"field5535\"><\/div>\n         <\/div>\n      <\/li>\n   <\/ul>\n   <fieldset style=\"display: none\"><input type=\"hidden\" name=\"userId\" value=\"370585\"><input type=\"hidden\" name=\"formEncId\" value=\"w5862zSxtyKNHn3NKqyC\"><input type=\"hidden\" name=\"pagePosition\" value=\"1\"><input type=\"hidden\" name=\"viewMode\" value=\"APIINTEGRATION\"><input type=\"hidden\" name=\"redir\" value=\"formAdmin2\"><input type=\"hidden\" name=\"formLayout\" value=\"N\"><input type=\"hidden\" name=\"errorText\" value=\"Dit formulier kon niet verzonden worden om de volgende reden(en):\"><input type=\"hidden\" name=\"formLocationUrl\" id=\"formLocationUrl-form3904\"><input type=\"hidden\" name=\"abInfo\" value=\"XsiIDsuJJKoKon5qRyeBLxdS2Ujlkdhzi6sCvX6NvnIpUtFIJjM7uP1rKg4KBonZ1jUTt7Xkk3hg5JIH9CZb55UGcCz0sCOQ8LqHrXDlkSAvxsWA3noqNzanhMPA+HcUlaJtwfqA\/vMIaDA\/BqVrMxhE+S4hlamuh8D8E6tXouao+C34B2bCSM68MMa7sntk\"><\/fieldset>\n<\/form><input type=\"hidden\" id=\"_form_nonce_69d8650e213d1\" name=\"_form_nonce_69d8650e213d1\" value=\"05777577c4\" \/><input type=\"hidden\" name=\"_wp_http_referer\" value=\"\/fr\/wp-json\/wp\/v2\/pages\/6520\" \/><input type=\"hidden\" name=\"_form_account_id_69d8650e213d1\" value=\"0\"\/><input type=\"hidden\" name=\"_form_id_69d8650e213d1\" value=\"3904\"\/><input type=\"hidden\" name=\"_form_enc_id_69d8650e213d1\" value=\"\"\/>\n<\/div>\n\n\n\n<div class=\"wp-block-group is-layout-constrained wp-container-core-group-is-layout-50d5d9fd wp-block-group-is-layout-constrained\" style=\"padding-top:80px;padding-bottom:80px\">\n<div class=\"wp-block-group is-layout-constrained wp-block-group-is-layout-constrained\" style=\"margin-bottom:120px\">\n<h2 class=\"wp-block-heading has-text-align-center\">Besoin d&#8217;aide pour mettre en place la campagne id\u00e9ale ?<\/h2>\n\n\n\n<div class=\"wp-block-group is-layout-constrained wp-container-core-group-is-layout-bf11ae4f wp-block-group-is-layout-constrained\">\n<div style=\"height:50px\" aria-hidden=\"true\" class=\"wp-block-spacer\"><\/div>\n\n\n\n<div class=\"wp-block-columns is-layout-flex wp-container-core-columns-is-layout-28f84493 wp-block-columns-is-layout-flex\">\n<div class=\"wp-block-column is-layout-flow wp-block-column-is-layout-flow\" style=\"flex-basis:50px\"><\/div>\n\n\n\n<div class=\"wp-block-column is-layout-flow wp-block-column-is-layout-flow\"><div class=\"team-member-wrapper\">\n    <div class=\"team-member\">\n        <div class=\"team-member-image\">\n                                                <\/div>\n        <div class=\"team-member-content\">\n            <div class=\"title-wrapper\">\n                <h6>Hilde Provoost<\/h6>\n                <p>Account manager (Agri Belgium)<\/p>\n            <\/div>\n            <div class=\"content-wrapper\">\n                <p class=\"phone\">\n                    <svg width=\"18\" height=\"18\" viewBox=\"0 0 18 18\" fill=\"none\" xmlns=\"http:\/\/www.w3.org\/2000\/svg\">\n                        <path d=\"M16.95 18C14.8667 18 12.8083 17.5458 10.775 16.6375C8.74167 15.7292 6.89167 14.4417 5.225 12.775C3.55833 11.1083 2.27083 9.25833 1.3625 7.225C0.454167 5.19167 0 3.13333 0 1.05C0 0.75 0.1 0.5 0.3 0.3C0.5 0.1 0.75 0 1.05 0H5.1C5.33333 0 5.54167 0.0791667 5.725 0.2375C5.90833 0.395833 6.01667 0.583333 6.05 0.8L6.7 4.3C6.73333 4.56667 6.725 4.79167 6.675 4.975C6.625 5.15833 6.53333 5.31667 6.4 5.45L3.975 7.9C4.30833 8.51667 4.70417 9.1125 5.1625 9.6875C5.62083 10.2625 6.125 10.8167 6.675 11.35C7.19167 11.8667 7.73333 12.3458 8.3 12.7875C8.86667 13.2292 9.46667 13.6333 10.1 14L12.45 11.65C12.6 11.5 12.7958 11.3875 13.0375 11.3125C13.2792 11.2375 13.5167 11.2167 13.75 11.25L17.2 11.95C17.4333 12.0167 17.625 12.1375 17.775 12.3125C17.925 12.4875 18 12.6833 18 12.9V16.95C18 17.25 17.9 17.5 17.7 17.7C17.5 17.9 17.25 18 16.95 18ZM3.025 6L4.675 4.35L4.25 2H2.025C2.10833 2.68333 2.225 3.35833 2.375 4.025C2.525 4.69167 2.74167 5.35 3.025 6ZM11.975 14.95C12.625 15.2333 13.2875 15.4583 13.9625 15.625C14.6375 15.7917 15.3167 15.9 16 15.95V13.75L13.65 13.275L11.975 14.95Z\" fill=\"#003375\"\/>\n                    <\/svg>\n                    <a href=\"tel:+32 (0) 478 82 3226\">+32 (0) 478 82 3226<\/a>\n                <\/p>\n                <p class=\"mail\">\n                    <svg width=\"20\" height=\"16\" viewBox=\"0 0 20 16\" fill=\"none\" xmlns=\"http:\/\/www.w3.org\/2000\/svg\">\n                        <path d=\"M2 16C1.45 16 0.979167 15.8042 0.5875 15.4125C0.195833 15.0208 0 14.55 0 14V2C0 1.45 0.195833 0.979167 0.5875 0.5875C0.979167 0.195833 1.45 0 2 0H18C18.55 0 19.0208 0.195833 19.4125 0.5875C19.8042 0.979167 20 1.45 20 2V14C20 14.55 19.8042 15.0208 19.4125 15.4125C19.0208 15.8042 18.55 16 18 16H2ZM10 9L2 4V14H18V4L10 9ZM10 7L18 2H2L10 7ZM2 4V2V14V4Z\" fill=\"#003375\"\/>\n                    <\/svg>\n                    <a href=\"mailto:hilde.provoost@prosu.be\">hilde.provoost@prosu.be<\/a>\n                <\/p>\n            <\/div>\n            <div class=\"socials-wrapper\">\n                                    <a href=\"#\" class=\"linkedin\" target=\"_blank\">\n                        <svg width=\"40\" height=\"40\" viewBox=\"0 0 40 40\" fill=\"none\" xmlns=\"http:\/\/www.w3.org\/2000\/svg\">\n                            <path fill-rule=\"evenodd\" clip-rule=\"evenodd\" d=\"M20 0C31.0378 0 40 8.95021 40 20C40 31.0498 31.0498 40 20 40C8.95021 40 0 31.0498 0 20C0 8.95021 8.95021 0 20 0ZM17.4205 16.0288H21.5237V18.1284H21.5837C22.1596 17.0966 23.5513 16.0288 25.6389 16.0288C29.97 16.0288 30.7738 18.7283 30.7738 22.2316V29.3821H26.4907V23.0474C26.4907 21.5357 26.4547 19.5921 24.2591 19.5921C22.0636 19.5921 21.6917 21.2358 21.6917 22.9394V29.3821H17.4085V16.0288H17.4205ZM14.4571 12.3215C14.4571 13.5453 13.4613 14.5531 12.2256 14.5531C10.9898 14.5531 9.994 13.5573 9.994 12.3215C9.994 11.0858 10.9898 10.09 12.2256 10.09C13.4613 10.09 14.4571 11.0858 14.4571 12.3215ZM10.006 16.0288H14.4571V29.3821H10.006V16.0288Z\" fill=\"#003375\"\/>\n                        <\/svg>\n                    <\/a>\n                            <\/div>\n\n        <\/div>\n    <\/div>\n<\/div>\n<\/div>\n\n\n\n<div class=\"wp-block-column is-layout-flow wp-block-column-is-layout-flow\" style=\"flex-basis:50px\"><\/div>\n<\/div>\n<\/div>\n<\/div>\n<\/div>\n","protected":false},"excerpt":{"rendered":"<p>Demande de kit m\u00e9dia agricole Chaque ann\u00e9e, nous produisons un aper\u00e7u de nos chiffres cl\u00e9 pour nos canaux multim\u00e9dias, ce sont&nbsp;nos kits m\u00e9dia. Nos&nbsp;kits m\u00e9dia vous donnent un aper\u00e7u des chiffres li\u00e9s \u00e0 nos publications imprim\u00e9es, nos newsletters, nos sites web et nos m\u00e9dias sociaux. Il d\u00e9crit \u00e9galement les th\u00e8mes et les dates de parution&hellip; <a class=\"more-link\" href=\"https:\/\/prosu.nl\/fr\/kit-media-agri\/\">Continue reading <span class=\"screen-reader-text\">Kit M\u00e9dia<\/span><\/a><\/p>\n","protected":false},"author":6,"featured_media":0,"parent":0,"menu_order":0,"comment_status":"closed","ping_status":"closed","template":"","meta":{"_acf_changed":false,"advgb_blocks_editor_width":"","advgb_blocks_columns_visual_guide":"","footnotes":""},"class_list":["post-6520","page","type-page","status-publish","hentry","entry"],"acf":[],"yoast_head":"<!-- This site is optimized with the Yoast SEO plugin v26.6 - https:\/\/yoast.com\/wordpress\/plugins\/seo\/ -->\n<title>Kit M\u00e9dia - Prosu<\/title>\n<meta name=\"description\" content=\"Consultez et t\u00e9l\u00e9chargez ici le kit m\u00e9dia Agri pour la publicit\u00e9 des marques agricoles de Prosu Pays-Bas et Belgique.\" \/>\n<meta name=\"robots\" content=\"index, follow, max-snippet:-1, max-image-preview:large, max-video-preview:-1\" \/>\n<link rel=\"canonical\" href=\"https:\/\/prosu.nl\/fr\/kit-media-agri\/\" \/>\n<meta property=\"og:locale\" content=\"fr_FR\" \/>\n<meta property=\"og:type\" content=\"article\" \/>\n<meta property=\"og:title\" content=\"Kit M\u00e9dia - Prosu\" \/>\n<meta property=\"og:description\" content=\"Consultez et t\u00e9l\u00e9chargez ici le kit m\u00e9dia Agri pour la publicit\u00e9 des marques agricoles de Prosu Pays-Bas et Belgique.\" \/>\n<meta property=\"og:url\" content=\"https:\/\/prosu.nl\/fr\/kit-media-agri\/\" \/>\n<meta property=\"og:site_name\" content=\"Prosu\" \/>\n<meta property=\"article:publisher\" content=\"https:\/\/www.facebook.com\/p\/Prosu-100065126520111\/\" \/>\n<meta property=\"article:modified_time\" content=\"2025-12-16T12:28:31+00:00\" \/>\n<meta name=\"twitter:card\" content=\"summary_large_image\" \/>\n<meta name=\"twitter:label1\" content=\"Est. reading time\" \/>\n\t<meta name=\"twitter:data1\" content=\"1 minute\" \/>\n<script type=\"application\/ld+json\" class=\"yoast-schema-graph\">{\"@context\":\"https:\/\/schema.org\",\"@graph\":[{\"@type\":\"WebPage\",\"@id\":\"https:\/\/prosu.nl\/fr\/kit-media-agri\/\",\"url\":\"https:\/\/prosu.nl\/fr\/kit-media-agri\/\",\"name\":\"Kit M\u00e9dia - Prosu\",\"isPartOf\":{\"@id\":\"https:\/\/prosu.nl\/#website\"},\"datePublished\":\"2025-06-04T07:35:48+00:00\",\"dateModified\":\"2025-12-16T12:28:31+00:00\",\"description\":\"Consultez et t\u00e9l\u00e9chargez ici le kit m\u00e9dia Agri pour la publicit\u00e9 des marques agricoles de Prosu Pays-Bas et Belgique.\",\"breadcrumb\":{\"@id\":\"https:\/\/prosu.nl\/fr\/kit-media-agri\/#breadcrumb\"},\"inLanguage\":\"fr-FR\",\"potentialAction\":[{\"@type\":\"ReadAction\",\"target\":[\"https:\/\/prosu.nl\/fr\/kit-media-agri\/\"]}]},{\"@type\":\"BreadcrumbList\",\"@id\":\"https:\/\/prosu.nl\/fr\/kit-media-agri\/#breadcrumb\",\"itemListElement\":[{\"@type\":\"ListItem\",\"position\":1,\"name\":\"Home\",\"item\":\"https:\/\/prosu.nl\/\"},{\"@type\":\"ListItem\",\"position\":2,\"name\":\"Kit M\u00e9dia\"}]},{\"@type\":\"WebSite\",\"@id\":\"https:\/\/prosu.nl\/#website\",\"url\":\"https:\/\/prosu.nl\/\",\"name\":\"Prosu\",\"description\":\"De allround uitgeverij voor data, media en bereik\",\"publisher\":{\"@id\":\"https:\/\/prosu.nl\/#organization\"},\"potentialAction\":[{\"@type\":\"SearchAction\",\"target\":{\"@type\":\"EntryPoint\",\"urlTemplate\":\"https:\/\/prosu.nl\/?s={search_term_string}\"},\"query-input\":{\"@type\":\"PropertyValueSpecification\",\"valueRequired\":true,\"valueName\":\"search_term_string\"}}],\"inLanguage\":\"fr-FR\"},{\"@type\":\"Organization\",\"@id\":\"https:\/\/prosu.nl\/#organization\",\"name\":\"Prosu\",\"url\":\"https:\/\/prosu.nl\/\",\"logo\":{\"@type\":\"ImageObject\",\"inLanguage\":\"fr-FR\",\"@id\":\"https:\/\/prosu.nl\/#\/schema\/logo\/image\/\",\"url\":\"https:\/\/prosu.nl\/content\/uploads\/2024\/06\/Logo.png\",\"contentUrl\":\"https:\/\/prosu.nl\/content\/uploads\/2024\/06\/Logo.png\",\"width\":154,\"height\":54,\"caption\":\"Prosu\"},\"image\":{\"@id\":\"https:\/\/prosu.nl\/#\/schema\/logo\/image\/\"},\"sameAs\":[\"https:\/\/www.facebook.com\/p\/Prosu-100065126520111\/\",\"https:\/\/www.instagram.com\/prosudronten\/\"]}]}<\/script>\n<!-- \/ Yoast SEO plugin. -->","yoast_head_json":{"title":"Kit M\u00e9dia - Prosu","description":"Consultez et t\u00e9l\u00e9chargez ici le kit m\u00e9dia Agri pour la publicit\u00e9 des marques agricoles de Prosu Pays-Bas et Belgique.","robots":{"index":"index","follow":"follow","max-snippet":"max-snippet:-1","max-image-preview":"max-image-preview:large","max-video-preview":"max-video-preview:-1"},"canonical":"https:\/\/prosu.nl\/fr\/kit-media-agri\/","og_locale":"fr_FR","og_type":"article","og_title":"Kit M\u00e9dia - Prosu","og_description":"Consultez et t\u00e9l\u00e9chargez ici le kit m\u00e9dia Agri pour la publicit\u00e9 des marques agricoles de Prosu Pays-Bas et Belgique.","og_url":"https:\/\/prosu.nl\/fr\/kit-media-agri\/","og_site_name":"Prosu","article_publisher":"https:\/\/www.facebook.com\/p\/Prosu-100065126520111\/","article_modified_time":"2025-12-16T12:28:31+00:00","twitter_card":"summary_large_image","twitter_misc":{"Est. reading time":"1 minute"},"schema":{"@context":"https:\/\/schema.org","@graph":[{"@type":"WebPage","@id":"https:\/\/prosu.nl\/fr\/kit-media-agri\/","url":"https:\/\/prosu.nl\/fr\/kit-media-agri\/","name":"Kit M\u00e9dia - Prosu","isPartOf":{"@id":"https:\/\/prosu.nl\/#website"},"datePublished":"2025-06-04T07:35:48+00:00","dateModified":"2025-12-16T12:28:31+00:00","description":"Consultez et t\u00e9l\u00e9chargez ici le kit m\u00e9dia Agri pour la publicit\u00e9 des marques agricoles de Prosu Pays-Bas et Belgique.","breadcrumb":{"@id":"https:\/\/prosu.nl\/fr\/kit-media-agri\/#breadcrumb"},"inLanguage":"fr-FR","potentialAction":[{"@type":"ReadAction","target":["https:\/\/prosu.nl\/fr\/kit-media-agri\/"]}]},{"@type":"BreadcrumbList","@id":"https:\/\/prosu.nl\/fr\/kit-media-agri\/#breadcrumb","itemListElement":[{"@type":"ListItem","position":1,"name":"Home","item":"https:\/\/prosu.nl\/"},{"@type":"ListItem","position":2,"name":"Kit M\u00e9dia"}]},{"@type":"WebSite","@id":"https:\/\/prosu.nl\/#website","url":"https:\/\/prosu.nl\/","name":"Prosu","description":"De allround uitgeverij voor data, media en bereik","publisher":{"@id":"https:\/\/prosu.nl\/#organization"},"potentialAction":[{"@type":"SearchAction","target":{"@type":"EntryPoint","urlTemplate":"https:\/\/prosu.nl\/?s={search_term_string}"},"query-input":{"@type":"PropertyValueSpecification","valueRequired":true,"valueName":"search_term_string"}}],"inLanguage":"fr-FR"},{"@type":"Organization","@id":"https:\/\/prosu.nl\/#organization","name":"Prosu","url":"https:\/\/prosu.nl\/","logo":{"@type":"ImageObject","inLanguage":"fr-FR","@id":"https:\/\/prosu.nl\/#\/schema\/logo\/image\/","url":"https:\/\/prosu.nl\/content\/uploads\/2024\/06\/Logo.png","contentUrl":"https:\/\/prosu.nl\/content\/uploads\/2024\/06\/Logo.png","width":154,"height":54,"caption":"Prosu"},"image":{"@id":"https:\/\/prosu.nl\/#\/schema\/logo\/image\/"},"sameAs":["https:\/\/www.facebook.com\/p\/Prosu-100065126520111\/","https:\/\/www.instagram.com\/prosudronten\/"]}]}},"coauthors":[],"author_meta":{"author_link":"https:\/\/prosu.nl\/fr\/author\/stefan\/","display_name":"stefan"},"relative_dates":{"created":"Publi\u00e9 10 months il y a","modified":"Mis \u00e0 jour 4 months il y a"},"absolute_dates":{"created":"Publi\u00e9 le June 4, 2025","modified":"Mise \u00e0 jour le December 16, 2025"},"absolute_dates_time":{"created":"Publi\u00e9 le June 4, 2025 7:35 am","modified":"Mise \u00e0 jour le December 16, 2025 12:28 pm"},"featured_img_caption":"","featured_img":false,"series_order":"","_links":{"self":[{"href":"https:\/\/prosu.nl\/fr\/wp-json\/wp\/v2\/pages\/6520","targetHints":{"allow":["GET"]}}],"collection":[{"href":"https:\/\/prosu.nl\/fr\/wp-json\/wp\/v2\/pages"}],"about":[{"href":"https:\/\/prosu.nl\/fr\/wp-json\/wp\/v2\/types\/page"}],"author":[{"embeddable":true,"href":"https:\/\/prosu.nl\/fr\/wp-json\/wp\/v2\/users\/6"}],"replies":[{"embeddable":true,"href":"https:\/\/prosu.nl\/fr\/wp-json\/wp\/v2\/comments?post=6520"}],"version-history":[{"count":7,"href":"https:\/\/prosu.nl\/fr\/wp-json\/wp\/v2\/pages\/6520\/revisions"}],"predecessor-version":[{"id":7955,"href":"https:\/\/prosu.nl\/fr\/wp-json\/wp\/v2\/pages\/6520\/revisions\/7955"}],"wp:attachment":[{"href":"https:\/\/prosu.nl\/fr\/wp-json\/wp\/v2\/media?parent=6520"}],"curies":[{"name":"wp","href":"https:\/\/api.w.org\/{rel}","templated":true}]}}