{"id":6526,"date":"2025-06-04T07:32:04","date_gmt":"2025-06-04T07:32:04","guid":{"rendered":"https:\/\/prosu.nl\/?page_id=6526"},"modified":"2025-06-04T07:32:25","modified_gmt":"2025-06-04T07:32:25","slug":"page-de-remerciement-kit-media","status":"publish","type":"page","link":"https:\/\/prosu.nl\/fr\/page-de-remerciement-kit-media\/","title":{"rendered":"Page de remerciement &#8211; kit m\u00e9dia"},"content":{"rendered":"\n<p><\/p>\n\n\n\n<div class=\"wp-block-cover alignfull is-light is-style-masked\" style=\"margin-top:0px;margin-bottom:0px;padding-top:62px;padding-bottom:100px;min-height:250px;aspect-ratio:unset;\"><span aria-hidden=\"true\" class=\"wp-block-cover__background has-background-dim-100 has-background-dim wp-block-cover__gradient-background has-background-gradient\" style=\"background-color:#FFF;background:linear-gradient(120deg,rgba(0,49,84,0.95) 0%,rgba(2,84,3,0.4) 98%)\"><\/span><video class=\"wp-block-cover__video-background intrinsic-ignore\" autoplay muted loop playsinline src=\"https:\/\/prosu.nl\/content\/uploads\/2024\/06\/Prosu-Homepage-1080p.webm\" data-object-fit=\"cover\"><\/video><div class=\"wp-block-cover__inner-container is-layout-constrained wp-container-core-cover-is-layout-712f6f70 wp-block-cover-is-layout-constrained\">\n<h1 class=\"wp-block-heading has-text-align-center has-first-color has-text-color has-link-color has-h-1-font-size wp-elements-ce1c02faa56177b7b5b42150478d575c\">Remerciements<\/h1>\n<\/div><\/div>\n\n\n\n<div class=\"wp-block-group is-layout-constrained wp-container-core-group-is-layout-50d5d9fd wp-block-group-is-layout-constrained\" style=\"padding-top:80px;padding-bottom:80px\">\n<h2 class=\"wp-block-heading\" style=\"margin-top:0;margin-bottom:0\">Merci d&#8217;avoir demand\u00e9 notre kit m\u00e9dia<\/h2>\n\n\n\n<p>Nous avons envoy\u00e9 le kit m\u00e9dia \u00e0 l&#8217;adresse \u00e9lectronique que vous avez indiqu\u00e9e dans le formulaire. Il peut s&#8217;\u00e9couler quelques minutes avant qu&#8217;il n&#8217;apparaisse dans votre bo\u00eete de r\u00e9ception. Si vous ne voyez pas l&#8217;e-mail imm\u00e9diatement, veuillez \u00e9galement v\u00e9rifier votre dossier de courrier ind\u00e9sirable.<\/p>\n\n\n\n<p>Vous n&#8217;avez pas re\u00e7u le kit m\u00e9dia ou vous avez une autre question ? N&#8217;h\u00e9sitez pas \u00e0 nous contacter \u00e0 l&#8217;adresse info@prosu.nl ou \u00e0 nous appeler au 0320 &#8211; 286 939.<\/p>\n\n\n\n<p>Tenez-vous au courant des derni\u00e8res tendances et \u00e9volutions en vous inscrivant \u00e0 notre lettre d&#8217;information.<\/p>\n\n\n\n<p><strong>L&#8217;\u00e9quipe Prosu<\/strong><\/p>\n<\/div>\n","protected":false},"excerpt":{"rendered":"<p>Merci d&#8217;avoir demand\u00e9 notre kit m\u00e9dia Nous avons envoy\u00e9 le kit m\u00e9dia \u00e0 l&#8217;adresse \u00e9lectronique que vous avez indiqu\u00e9e dans le formulaire. Il peut s&#8217;\u00e9couler quelques minutes avant qu&#8217;il n&#8217;apparaisse dans votre bo\u00eete de r\u00e9ception. Si vous ne voyez pas l&#8217;e-mail imm\u00e9diatement, veuillez \u00e9galement v\u00e9rifier votre dossier de courrier ind\u00e9sirable. Vous n&#8217;avez pas re\u00e7u le&hellip; <a class=\"more-link\" href=\"https:\/\/prosu.nl\/fr\/page-de-remerciement-kit-media\/\">Continue reading <span class=\"screen-reader-text\">Page de remerciement &#8211; kit m\u00e9dia<\/span><\/a><\/p>\n","protected":false},"author":6,"featured_media":0,"parent":0,"menu_order":0,"comment_status":"closed","ping_status":"closed","template":"","meta":{"_acf_changed":false,"advgb_blocks_editor_width":"","advgb_blocks_columns_visual_guide":"","footnotes":""},"class_list":["post-6526","page","type-page","status-publish","hentry","entry"],"acf":[],"yoast_head":"<!-- This site is optimized with the Yoast SEO plugin v27.3 - https:\/\/yoast.com\/product\/yoast-seo-wordpress\/ -->\n<title>Page de remerciement - kit m\u00e9dia - Prosu<\/title>\n<meta name=\"description\" content=\"Nous vous remercions d&#039;avoir demand\u00e9 notre kit m\u00e9dia. Nous avons re\u00e7u les d\u00e9tails en bonne et due forme.\" \/>\n<meta name=\"robots\" content=\"noindex, follow\" \/>\n<meta property=\"og:locale\" content=\"fr_FR\" \/>\n<meta property=\"og:type\" content=\"article\" \/>\n<meta property=\"og:title\" content=\"Page de remerciement - kit m\u00e9dia - Prosu\" \/>\n<meta property=\"og:description\" content=\"Nous vous remercions d&#039;avoir demand\u00e9 notre kit m\u00e9dia. Nous avons re\u00e7u les d\u00e9tails en bonne et due forme.\" \/>\n<meta property=\"og:url\" content=\"https:\/\/prosu.nl\/fr\/page-de-remerciement-kit-media\/\" \/>\n<meta property=\"og:site_name\" content=\"Prosu\" \/>\n<meta property=\"article:publisher\" content=\"https:\/\/www.facebook.com\/p\/Prosu-100065126520111\/\" \/>\n<meta property=\"article:modified_time\" content=\"2025-06-04T07:32:25+00:00\" \/>\n<meta name=\"twitter:card\" content=\"summary_large_image\" \/>\n<meta name=\"twitter:label1\" content=\"Est. reading time\" \/>\n\t<meta name=\"twitter:data1\" content=\"1 minute\" \/>\n<script type=\"application\/ld+json\" class=\"yoast-schema-graph\">{\"@context\":\"https:\\\/\\\/schema.org\",\"@graph\":[{\"@type\":\"WebPage\",\"@id\":\"https:\\\/\\\/prosu.nl\\\/fr\\\/page-de-remerciement-kit-media\\\/\",\"url\":\"https:\\\/\\\/prosu.nl\\\/fr\\\/page-de-remerciement-kit-media\\\/\",\"name\":\"Page de remerciement - kit m\u00e9dia - Prosu\",\"isPartOf\":{\"@id\":\"https:\\\/\\\/prosu.nl\\\/#website\"},\"datePublished\":\"2025-06-04T07:32:04+00:00\",\"dateModified\":\"2025-06-04T07:32:25+00:00\",\"description\":\"Nous vous remercions d'avoir demand\u00e9 notre kit m\u00e9dia. Nous avons re\u00e7u les d\u00e9tails en bonne et due forme.\",\"breadcrumb\":{\"@id\":\"https:\\\/\\\/prosu.nl\\\/fr\\\/page-de-remerciement-kit-media\\\/#breadcrumb\"},\"inLanguage\":\"fr-FR\",\"potentialAction\":[{\"@type\":\"ReadAction\",\"target\":[\"https:\\\/\\\/prosu.nl\\\/fr\\\/page-de-remerciement-kit-media\\\/\"]}]},{\"@type\":\"BreadcrumbList\",\"@id\":\"https:\\\/\\\/prosu.nl\\\/fr\\\/page-de-remerciement-kit-media\\\/#breadcrumb\",\"itemListElement\":[{\"@type\":\"ListItem\",\"position\":1,\"name\":\"Home\",\"item\":\"https:\\\/\\\/prosu.nl\\\/\"},{\"@type\":\"ListItem\",\"position\":2,\"name\":\"Page de remerciement &#8211; kit m\u00e9dia\"}]},{\"@type\":\"WebSite\",\"@id\":\"https:\\\/\\\/prosu.nl\\\/#website\",\"url\":\"https:\\\/\\\/prosu.nl\\\/\",\"name\":\"Prosu\",\"description\":\"De allround uitgeverij voor data, media en bereik\",\"publisher\":{\"@id\":\"https:\\\/\\\/prosu.nl\\\/#organization\"},\"potentialAction\":[{\"@type\":\"SearchAction\",\"target\":{\"@type\":\"EntryPoint\",\"urlTemplate\":\"https:\\\/\\\/prosu.nl\\\/?s={search_term_string}\"},\"query-input\":{\"@type\":\"PropertyValueSpecification\",\"valueRequired\":true,\"valueName\":\"search_term_string\"}}],\"inLanguage\":\"fr-FR\"},{\"@type\":\"Organization\",\"@id\":\"https:\\\/\\\/prosu.nl\\\/#organization\",\"name\":\"Prosu\",\"url\":\"https:\\\/\\\/prosu.nl\\\/\",\"logo\":{\"@type\":\"ImageObject\",\"inLanguage\":\"fr-FR\",\"@id\":\"https:\\\/\\\/prosu.nl\\\/#\\\/schema\\\/logo\\\/image\\\/\",\"url\":\"https:\\\/\\\/prosu.nl\\\/content\\\/uploads\\\/2024\\\/06\\\/Logo.png\",\"contentUrl\":\"https:\\\/\\\/prosu.nl\\\/content\\\/uploads\\\/2024\\\/06\\\/Logo.png\",\"width\":154,\"height\":54,\"caption\":\"Prosu\"},\"image\":{\"@id\":\"https:\\\/\\\/prosu.nl\\\/#\\\/schema\\\/logo\\\/image\\\/\"},\"sameAs\":[\"https:\\\/\\\/www.facebook.com\\\/p\\\/Prosu-100065126520111\\\/\",\"https:\\\/\\\/www.instagram.com\\\/prosudronten\\\/\"]}]}<\/script>\n<!-- \/ Yoast SEO plugin. -->","yoast_head_json":{"title":"Page de remerciement - kit m\u00e9dia - Prosu","description":"Nous vous remercions d'avoir demand\u00e9 notre kit m\u00e9dia. Nous avons re\u00e7u les d\u00e9tails en bonne et due forme.","robots":{"index":"noindex","follow":"follow"},"og_locale":"fr_FR","og_type":"article","og_title":"Page de remerciement - kit m\u00e9dia - Prosu","og_description":"Nous vous remercions d'avoir demand\u00e9 notre kit m\u00e9dia. Nous avons re\u00e7u les d\u00e9tails en bonne et due forme.","og_url":"https:\/\/prosu.nl\/fr\/page-de-remerciement-kit-media\/","og_site_name":"Prosu","article_publisher":"https:\/\/www.facebook.com\/p\/Prosu-100065126520111\/","article_modified_time":"2025-06-04T07:32:25+00:00","twitter_card":"summary_large_image","twitter_misc":{"Est. reading time":"1 minute"},"schema":{"@context":"https:\/\/schema.org","@graph":[{"@type":"WebPage","@id":"https:\/\/prosu.nl\/fr\/page-de-remerciement-kit-media\/","url":"https:\/\/prosu.nl\/fr\/page-de-remerciement-kit-media\/","name":"Page de remerciement - kit m\u00e9dia - Prosu","isPartOf":{"@id":"https:\/\/prosu.nl\/#website"},"datePublished":"2025-06-04T07:32:04+00:00","dateModified":"2025-06-04T07:32:25+00:00","description":"Nous vous remercions d'avoir demand\u00e9 notre kit m\u00e9dia. Nous avons re\u00e7u les d\u00e9tails en bonne et due forme.","breadcrumb":{"@id":"https:\/\/prosu.nl\/fr\/page-de-remerciement-kit-media\/#breadcrumb"},"inLanguage":"fr-FR","potentialAction":[{"@type":"ReadAction","target":["https:\/\/prosu.nl\/fr\/page-de-remerciement-kit-media\/"]}]},{"@type":"BreadcrumbList","@id":"https:\/\/prosu.nl\/fr\/page-de-remerciement-kit-media\/#breadcrumb","itemListElement":[{"@type":"ListItem","position":1,"name":"Home","item":"https:\/\/prosu.nl\/"},{"@type":"ListItem","position":2,"name":"Page de remerciement &#8211; kit m\u00e9dia"}]},{"@type":"WebSite","@id":"https:\/\/prosu.nl\/#website","url":"https:\/\/prosu.nl\/","name":"Prosu","description":"De allround uitgeverij voor data, media en bereik","publisher":{"@id":"https:\/\/prosu.nl\/#organization"},"potentialAction":[{"@type":"SearchAction","target":{"@type":"EntryPoint","urlTemplate":"https:\/\/prosu.nl\/?s={search_term_string}"},"query-input":{"@type":"PropertyValueSpecification","valueRequired":true,"valueName":"search_term_string"}}],"inLanguage":"fr-FR"},{"@type":"Organization","@id":"https:\/\/prosu.nl\/#organization","name":"Prosu","url":"https:\/\/prosu.nl\/","logo":{"@type":"ImageObject","inLanguage":"fr-FR","@id":"https:\/\/prosu.nl\/#\/schema\/logo\/image\/","url":"https:\/\/prosu.nl\/content\/uploads\/2024\/06\/Logo.png","contentUrl":"https:\/\/prosu.nl\/content\/uploads\/2024\/06\/Logo.png","width":154,"height":54,"caption":"Prosu"},"image":{"@id":"https:\/\/prosu.nl\/#\/schema\/logo\/image\/"},"sameAs":["https:\/\/www.facebook.com\/p\/Prosu-100065126520111\/","https:\/\/www.instagram.com\/prosudronten\/"]}]}},"coauthors":[],"author_meta":{"author_link":"https:\/\/prosu.nl\/fr\/author\/stefan\/","display_name":"stefan"},"relative_dates":{"created":"Publi\u00e9 11 months il y a","modified":"Mis \u00e0 jour 11 months il y a"},"absolute_dates":{"created":"Publi\u00e9 le June 4, 2025","modified":"Mise \u00e0 jour le June 4, 2025"},"absolute_dates_time":{"created":"Publi\u00e9 le June 4, 2025 7:32 am","modified":"Mise \u00e0 jour le June 4, 2025 7:32 am"},"featured_img_caption":"","featured_img":false,"series_order":"","_links":{"self":[{"href":"https:\/\/prosu.nl\/fr\/wp-json\/wp\/v2\/pages\/6526","targetHints":{"allow":["GET"]}}],"collection":[{"href":"https:\/\/prosu.nl\/fr\/wp-json\/wp\/v2\/pages"}],"about":[{"href":"https:\/\/prosu.nl\/fr\/wp-json\/wp\/v2\/types\/page"}],"author":[{"embeddable":true,"href":"https:\/\/prosu.nl\/fr\/wp-json\/wp\/v2\/users\/6"}],"replies":[{"embeddable":true,"href":"https:\/\/prosu.nl\/fr\/wp-json\/wp\/v2\/comments?post=6526"}],"version-history":[{"count":2,"href":"https:\/\/prosu.nl\/fr\/wp-json\/wp\/v2\/pages\/6526\/revisions"}],"predecessor-version":[{"id":6530,"href":"https:\/\/prosu.nl\/fr\/wp-json\/wp\/v2\/pages\/6526\/revisions\/6530"}],"wp:attachment":[{"href":"https:\/\/prosu.nl\/fr\/wp-json\/wp\/v2\/media?parent=6526"}],"curies":[{"name":"wp","href":"https:\/\/api.w.org\/{rel}","templated":true}]}}